{"id":1227,"date":"2013-02-23T16:40:37","date_gmt":"2013-02-23T15:40:37","guid":{"rendered":"http:\/\/www.vip-rc.com\/vipblog\/?page_id=1227"},"modified":"2024-08-06T22:24:01","modified_gmt":"2024-08-06T20:24:01","slug":"impressum-2","status":"publish","type":"page","link":"https:\/\/www.vip-pro10.com\/?page_id=1227","title":{"rendered":"Impressum"},"content":{"rendered":"<div style=\"text-align: center;\">\n<p>Impressum:<\/p>\n<p>Tobias Weist<br \/>\nHeidestra\u00dfe 27<br \/>\n61276 Weilrod<\/p>\n<p>Deutschland<\/p>\n<p>Email: info(at)vip-pro10.com<\/p>\n<p>Steuer-Nr.: 003 880 37269<\/p>\n<\/div>\n<div style=\"text-align: center;\">Internet:\u00a0 http:\/\/www.vip-pro10.com<\/div>\n<div><\/div>\n<p style=\"text-align: center;\"><strong>Inhalt<\/strong><br \/>\nDie Inhalte dieser Internetseiten unterliegen dem Copyright von mir ,Tobias Weist und sind mein Eigentum. Jede Weiterverwendung ist nur nach Absprache zul\u00e4ssig und bedarf einer ausdr\u00fccklichen schriftlichen Genehmigung. Die bereitgestellten Informationen dieser Internetseiten wurden sorgf\u00e4ltig gepr\u00fcft und werden regelm\u00e4\u00dfig aktualisiert.Ich \u00fcbernehme jedoch keine Gew\u00e4hr f\u00fcr die Aktualit\u00e4t, Richtigkeit, Vollst\u00e4ndigkeit oder Qualit\u00e4t der hier bereitgestellten Informationen. Haftungsanspr\u00fcche gegen mich, welche sich auf Sch\u00e4den materieller oder ideeller Art beziehen, die durch die Nutzung oder Nichtnutzung der dargebotenen Informationen bzw. durch die Nutzung fehlerhafter und unvollst\u00e4ndiger Informationen verursacht wurden, sind grunds\u00e4tzlich ausgeschlossen, sofern meinerseits kein nachweislich vors\u00e4tzliches oder grob fahrl\u00e4ssiges Verschulden vorliegt. Alle Angebote sind freibleibend und unverbindlich. Ich behalte mir ausdr\u00fccklich vor, Teile des Informationsangebotes oder das gesamte Informationsangebot ohne gesonderte Ank\u00fcndigung zu ver\u00e4ndern, zu erg\u00e4nzen, zu l\u00f6schen oder die Ver\u00f6ffentlichung zeitweise oder endg\u00fcltig einzustellen.<\/p>\n<p style=\"text-align: center;\"><strong>Links<\/strong><br \/>\nSofern direkt oder indirekt auf fremde Internetseiten verwiesen (Hyperlinks, Links) wird, haftet der Betreiber dieser Seite \u00fcber eventuelle Nutzung mit rechtswidriger Inhalte. Ich habe keinerlei Einfluss auf die aktuelle und zuk\u00fcnftige Gestaltung der verlinkten Seiten und distanziere mich daher hiermit ausdr\u00fccklich von allen inhaltlichen \u00c4nderungen, die nach der Linkssetzung auf den verlinkten Seiten vorgenommen werden. Dies gilt auch f\u00fcr Fremdeintr\u00e4ge in eingerichteten G\u00e4steb\u00fcchern, Foren und Mailinglisten. Ichbin\u00a0 nicht verantwortlich f\u00fcr den Inhalt, die Verf\u00fcgbarkeit, die Richtigkeit und die Genauigkeit der verlinkten Seiten, deren Angebote, Links oder Werbeanzeigen. F\u00fcr den Inhalt der verlinkten Seiten sind ausschlie\u00dflich deren Verfasser verantwortlich. Desweiteren hafte Ich nicht f\u00fcr illegale, fehlerhafte oder unvollst\u00e4ndige Inhalte und insbesondere nicht f\u00fcr Sch\u00e4den, die durch Nutzung oder Nichtnutzung der auf den verlinkten Seiten angebotenen Informationen entstehen.<\/p>\n<p style=\"text-align: center;\"><strong>Urheberrecht<\/strong><br \/>\nIch, Tobias Weist bin bestrebt, in allen Publikationen geltendes Urheberrecht zu beachten. Sollte es trotzdem zu einer Urheberrechtsverletzung kommen, werde ich die entsprechende Publikation nach Benachrichtigung aus dem Informationsangebot entfernen bzw. mit dem entsprechenden Urheberrecht kenntlich machen. Alle innerhalb des Internetangebots genannten und ggf. durch Dritte gesch\u00fctzten Marken- und Warenzeichen unterliegen uneingeschr\u00e4nkt den Bestimmungen des jeweils g\u00fcltigen Kennzeichenrechts und den Besitzrechten der jeweiligen eingetragenen Eigent\u00fcmer. Allein aufgrund der blo\u00dfen Nennung ist nicht der Schluss zu ziehen, dass Markenzeichen nicht durch Rechte Dritter gesch\u00fctzt sind. Das Urheberrecht f\u00fcr das Informationsangebot dieser Internetseiten steht alleine mir zu. Eine Vervielf\u00e4ltigung der Informationen in anderen elektronischen oder gedruckten Publikationen ist ohne ausdr\u00fcckliche und schriftliche Zustimmung nicht gestattet.<\/p>\n<p style=\"text-align: center;\">\u00a9 Tobias Weist 08\/2024<br \/>\nAlle Rechte vorbehalten.<\/p>\n","protected":false},"excerpt":{"rendered":"<p>Impressum: Tobias Weist Heidestra\u00dfe 27 61276 Weilrod Deutschland Email: info(at)vip-pro10.com Steuer-Nr.: 003 880 37269 Internet:\u00a0 http:\/\/www.vip-pro10.com Inhalt Die Inhalte dieser Internetseiten unterliegen dem Copyright von mir ,Tobias Weist und sind mein Eigentum. Jede Weiterverwendung ist nur nach Absprache zul\u00e4ssig und bedarf einer ausdr\u00fccklichen schriftlichen Genehmigung. Die bereitgestellten Informationen dieser Internetseiten wurden sorgf\u00e4ltig gepr\u00fcft und werden &hellip; <\/p>\n<p class=\"link-more\"><a href=\"https:\/\/www.vip-pro10.com\/?page_id=1227\" class=\"more-link\"><span class=\"screen-reader-text\">\u201eImpressum\u201c<\/span> weiterlesen<\/a><\/p>\n","protected":false},"author":2,"featured_media":0,"parent":0,"menu_order":100,"comment_status":"open","ping_status":"open","template":"","meta":{"footnotes":""},"class_list":["post-1227","page","type-page","status-publish","hentry"],"_links":{"self":[{"href":"https:\/\/www.vip-pro10.com\/index.php?rest_route=\/wp\/v2\/pages\/1227","targetHints":{"allow":["GET"]}}],"collection":[{"href":"https:\/\/www.vip-pro10.com\/index.php?rest_route=\/wp\/v2\/pages"}],"about":[{"href":"https:\/\/www.vip-pro10.com\/index.php?rest_route=\/wp\/v2\/types\/page"}],"author":[{"embeddable":true,"href":"https:\/\/www.vip-pro10.com\/index.php?rest_route=\/wp\/v2\/users\/2"}],"replies":[{"embeddable":true,"href":"https:\/\/www.vip-pro10.com\/index.php?rest_route=%2Fwp%2Fv2%2Fcomments&post=1227"}],"version-history":[{"count":5,"href":"https:\/\/www.vip-pro10.com\/index.php?rest_route=\/wp\/v2\/pages\/1227\/revisions"}],"predecessor-version":[{"id":1904,"href":"https:\/\/www.vip-pro10.com\/index.php?rest_route=\/wp\/v2\/pages\/1227\/revisions\/1904"}],"wp:attachment":[{"href":"https:\/\/www.vip-pro10.com\/index.php?rest_route=%2Fwp%2Fv2%2Fmedia&parent=1227"}],"curies":[{"name":"wp","href":"https:\/\/api.w.org\/{rel}","templated":true}]}}